{"id":42,"date":"2023-05-01T15:38:07","date_gmt":"2023-05-01T22:38:07","guid":{"rendered":"https:\/\/samhealth.org\/ihn\/?page_id=42"},"modified":"2026-03-27T09:13:15","modified_gmt":"2026-03-27T16:13:15","slug":"resumenes-de-los-pilotos-actuales","status":"publish","type":"page","link":"https:\/\/ihntogether.org\/es\/transforming-health-care\/pilots-projects\/current-pilot-summaries\/","title":{"rendered":"Res\u00famenes de los pilotos actuales"},"content":{"rendered":"<section id=\"block_9841319104e960f28a5231787f51c81c\" class=\"shs-block block-section grid-container has-gray-warm-background-color\" >\n\t\t<div class=\"entry-content\">\n\n<h1 class=\"wp-block-heading\" id=\"h-current-pilot-summaries\">Res\u00famenes de los pilotos actuales<\/h1>\n\n<\/div>\n\t<\/section>\n\n\n\n<section id=\"block_1951545903967455a13fd5959d1803c3\" class=\"shs-block block-section grid-container has-white-background-color\" >\n\t\t<div class=\"entry-content\">\n\n<h2 class=\"wp-block-heading\">Los programas piloto mejoran el acceso a la salud y la atenci\u00f3n sanitaria a nivel local<\/h2>\n\n\n\n<p>Los fondos otorgados por el DST tienen como objetivo apoyar ideas nuevas, innovadoras y transformadoras para abordar las necesidades espec\u00edficas de nuestras diversas comunidades en la regi\u00f3n de los condados Benton, Lincoln y Linn. El DST se compromete a respaldar proyectos que promuevan enfoques comunitarios para la salud y el bienestar, incluyendo y valorando las experiencias vividas y las ideas de las comunidades que enfrentan desigualdades en salud causadas por la opresi\u00f3n sist\u00e9mica.<\/p>\n\n\n\n<p>Los proyectos piloto deben ser una idea nueva, incorporar una idea existente que sea novedosa para nuestra regi\u00f3n o implementarse de una manera innovadora y creativa. Se priorizan las propuestas que destacan las oportunidades de aprendizaje, las alianzas y la colaboraci\u00f3n, especialmente entre diferentes sectores, y que demuestran un profundo compromiso con la equidad en salud. Los proyectos piloto deben afrontar los desaf\u00edos de transformar los sistemas y derribar barreras.<\/p>\n\n\n\n<p>Los proyectos piloto para 2026 fueron seleccionados mediante un proceso competitivo de solicitud de propuestas. El objetivo com\u00fan de todos los proyectos es transformar el sistema de prestaci\u00f3n de atenci\u00f3n m\u00e9dica, trabajando para lograr una mejor calidad de atenci\u00f3n, reducir costos, aumentar el acceso a los servicios y disminuir el agotamiento del personal. Para ser elegibles para financiamiento, todos los proyectos piloto deb\u00edan abordar una o m\u00e1s de las \u00e1reas prioritarias del Plan de Mejora de la Salud Comunitaria 2024-2028. <\/p>\n\n\n\n<ul class=\"wp-block-list\">\n<li>Acceso a vivienda asequible<\/li>\n\n\n\n<li>Acceso a atenci\u00f3n de calidad <\/li>\n\n\n\n<li>Salud conductual<\/li>\n\n\n\n<li>Inclusi\u00f3n, Diversidad, Antirracismo y Equidad<\/li>\n<\/ul>\n\n\n\n<p>Obtenga m\u00e1s informaci\u00f3n sobre nuestros <a href=\"https:\/\/ihntogether.org\/wp-content\/uploads\/sites\/4\/2026-IHN-CCO-Pilot-Summaries-All-Counties.pdf\" target=\"_blank\" rel=\"noreferrer noopener\">proyectos piloto actuales<\/a>.<\/p>\n\n<\/div>\n\t<\/section>","protected":false},"excerpt":{"rendered":"<p>Consulte los res\u00famenes de los programas piloto actuales de IHN-CCO en los condados de Benton, Lincoln y Linn.<\/p>","protected":false},"author":11,"featured_media":0,"parent":1647,"menu_order":2,"comment_status":"closed","ping_status":"closed","template":"","meta":{"_acf_changed":false,"_searchwp_excluded":"","_shs_workflow_notes":"","_shs_exclude_from_navigation":false,"_shs_promote_article_on_blogs":"","footnotes":""},"class_list":["post-42","page","type-page","status-publish","hentry"],"acf":[],"_links":{"self":[{"href":"https:\/\/ihntogether.org\/es\/wp-json\/wp\/v2\/pages\/42","targetHints":{"allow":["GET"]}}],"collection":[{"href":"https:\/\/ihntogether.org\/es\/wp-json\/wp\/v2\/pages"}],"about":[{"href":"https:\/\/ihntogether.org\/es\/wp-json\/wp\/v2\/types\/page"}],"author":[{"embeddable":true,"href":"https:\/\/ihntogether.org\/es\/wp-json\/wp\/v2\/users\/11"}],"replies":[{"embeddable":true,"href":"https:\/\/ihntogether.org\/es\/wp-json\/wp\/v2\/comments?post=42"}],"version-history":[{"count":2,"href":"https:\/\/ihntogether.org\/es\/wp-json\/wp\/v2\/pages\/42\/revisions"}],"predecessor-version":[{"id":4938,"href":"https:\/\/ihntogether.org\/es\/wp-json\/wp\/v2\/pages\/42\/revisions\/4938"}],"up":[{"embeddable":true,"href":"https:\/\/ihntogether.org\/es\/wp-json\/wp\/v2\/pages\/1647"}],"wp:attachment":[{"href":"https:\/\/ihntogether.org\/es\/wp-json\/wp\/v2\/media?parent=42"}],"curies":[{"name":"Gracias","href":"https:\/\/api.w.org\/{rel}","templated":true}]}}