{"id":43,"date":"2023-05-01T15:38:23","date_gmt":"2023-05-01T22:38:23","guid":{"rendered":"https:\/\/samhealth.org\/ihn\/?page_id=43"},"modified":"2024-11-14T15:10:01","modified_gmt":"2024-11-14T23:10:01","slug":"sobre-nosotros","status":"publish","type":"page","link":"https:\/\/ihntogether.org\/es\/how-we-serve\/about-us\/","title":{"rendered":"Sobre nosotros"},"content":{"rendered":"<section id=\"block_43d06cfa2a91118f923a3fc6642c932c\" class=\"shs-block block-section grid-container has-gray-warm-background-color\" >\n\t\t<div class=\"entry-content\">\n\n<h1 class=\"wp-block-heading\" id=\"h-about-us\">Sobre nosotros<\/h1>\n\n<\/div>\n\t<\/section>\n\n\n\n<section id=\"block_fee961cc61be6bf01e3e260bf3edd053\" class=\"shs-block block-section grid-container has-white-background-color\" >\n\t\t<div class=\"entry-content\">\n\n<h2 class=\"wp-block-heading\">Estamos comprometidos a mejorar la salud de nuestras comunidades<\/h2>\n\n\n\n<p>La InterCommunity Health Network Coordinated Care Organization (IHN-CCO) fue formada en 2012 por socios p\u00fablicos, privados y sin fines de lucro locales para unificar los servicios y sistemas de salud para los miembros del Oregon Health Plan (Medicaid) en los condados de Benton, Lincoln y Linn.<\/p>\n\n\n\n<p>Como IHN-CCO, nos comprometemos a mejorar la salud de nuestras comunidades y, al mismo tiempo, reducir o contener el costo de la atenci\u00f3n. Lo lograremos coordinando iniciativas de salud, buscando eficiencias mediante la combinaci\u00f3n de servicios e infraestructura, y comprometiendo a todas las partes interesadas para aumentar la calidad, la confiabilidad y la disponibilidad de la atenci\u00f3n.<\/p>\n\n<\/div>\n\t<\/section>\n\n\n\n<section id=\"block_43d06cfa2a91118f923a3fc6642c932c\" class=\"shs-block block-section grid-container has-gray-warm-background-color\" >\n\t\t<div class=\"entry-content\">\n\n<h2 class=\"wp-block-heading\">IHN-CCO recibir\u00e1 un nuevo contrato de cinco a\u00f1os de la OHA<\/h2>\n\n\n\n<p>La Oregon Health Authority tiene la intenci\u00f3n de otorgarle a nuestra organizaci\u00f3n un nuevo contrato para continuar como la organizaci\u00f3n de atenci\u00f3n coordinada para los condados de Benton, Lincoln y Linn.<\/p>\n\n\n\n<div class=\"wp-block-buttons is-layout-flex wp-block-buttons-is-layout-flex\">\n<div class=\"wp-block-button\"><a class=\"wp-block-button__link wp-element-button\" href=\"https:\/\/ihntogether.org\/es\/comunicado-de-prensa-ihn-cco-recibe-contrato-de-cinco-anos-2019\/?type=pdf\" target=\"_blank\" rel=\"noreferrer noopener\">Leer nota de prensa (English)<\/a><\/div>\n<\/div>\n\n<\/div>\n\t<\/section>\n\n\n\n<section id=\"block_fee961cc61be6bf01e3e260bf3edd053\" class=\"shs-block block-section grid-container has-white-background-color\" >\n\t\t<div class=\"entry-content\">\n<section id=\"block_9b7957273b24263ba470c4a385236c66\" class=\"shs-block two-columns\">\n<div class=\"entry-content two-column-grid\">\n<div class=\"entry-content shs-block column\">\n\n<h2 class=\"wp-block-heading\">Nuestras alianzas<\/h2>\n\n\n\n<p>La asociaci\u00f3n IHN-CCO actualmente atiende a unos 80.000 miembros del Plan de Salud de Oregon y est\u00e1 formada por:<\/p>\n\n\n\n<ul class=\"wp-block-list\">\n<li>Gobiernos de los condados de Benton, Lincoln y Linn.<\/li>\n\n\n\n<li>Proveedores de atenci\u00f3n m\u00e9dica locales.<\/li>\n\n\n\n<li>Centros de salud calificados a nivel federal.<\/li>\n\n\n\n<li>Accountable Behavioral Health Alliance.<\/li>\n\n\n\n<li>Advantage Dental.<\/li>\n\n\n\n<li>Capitol Dental Care.<\/li>\n\n\n\n<li>ODS Community Health.<\/li>\n\n\n\n<li>Willamette Dental Group.<\/li>\n\n\n\n<li>The Corvallis Clinic.<\/li>\n\n\n\n<li>Mid-Valley Behavioral Care Network.<\/li>\n\n\n\n<li>Oregon Cascades West Council of Governments.<\/li>\n\n\n\n<li>Quality Care Associates.<\/li>\n\n\n\n<li>Samaritan Health Plans.<\/li>\n\n\n\n<li>Samaritan Health Services.<\/li>\n\n\n\n<li>Samaritan InterCommunity Health Plans.<\/li>\n\n\n\n<li>Samaritan Mental Health.<\/li>\n<\/ul>\n\n<\/div>\n\n\n<div class=\"entry-content shs-block column\">\n\n<h2 class=\"wp-block-heading\">Nuestros valores<\/h2>\n\n\n\n<ul class=\"wp-block-list\">\n<li>Participaci\u00f3n de las partes interesadas en el dise\u00f1o y la prestaci\u00f3n de atenci\u00f3n sanitaria.<\/li>\n\n\n\n<li>Prevenci\u00f3n, intervenci\u00f3n temprana y autocuidado.<\/li>\n\n\n\n<li>Promoci\u00f3n de la salud familiar como medio para mejorar la preparaci\u00f3n para el aprendizaje y la adopci\u00f3n de estilos de vida saludables durante toda la vida.<\/li>\n\n\n\n<li>Maximizar la utilizaci\u00f3n de los recursos de salud existentes.<\/li>\n\n\n\n<li>Lograr resultados de salud positivos a trav\u00e9s de programas de salud basados en evidencia.<\/li>\n\n\n\n<li>Prestaci\u00f3n de servicios que sean culturalmente sensibles.<\/li>\n\n\n\n<li>Atenci\u00f3n coordinada utilizando el modelo domiciliario de atenci\u00f3n primaria centrado en el paciente.<\/li>\n\n\n\n<li>Mantener la continuidad de la atenci\u00f3n a los pacientes mediante la integraci\u00f3n de servicios.<\/li>\n\n\n\n<li>Utilizar datos de rendimiento y resultados para guiar el dise\u00f1o y desarrollo de nuestros sistemas de prestaci\u00f3n de atenci\u00f3n m\u00e9dica.<\/li>\n\n\n\n<li>Fortalecimiento de la infraestructura comunitaria para promover barrios saludables.<\/li>\n<\/ul>\n\n<\/div>\n\n<\/div>\n<\/section>\n\n<\/div>\n\t<\/section>\n\n\n\n<section id=\"block_43d06cfa2a91118f923a3fc6642c932c\" class=\"shs-block block-section grid-container has-gray-warm-background-color\" >\n\t\t<div class=\"entry-content\">\n\n<h2 class=\"wp-block-heading\">Las comunidades se unen para lograr una mejor salud<\/h2>\n\n\n<section id=\"block_9b7957273b24263ba470c4a385236c66\" class=\"shs-block two-columns\">\n<div class=\"entry-content two-column-grid\">\n<div class=\"entry-content shs-block column\">\n\n<figure class=\"wp-block-embed is-type-video is-provider-youtube wp-block-embed-youtube wp-embed-aspect-16-9 wp-has-aspect-ratio\"><div class=\"wp-block-embed__wrapper\">\n<iframe loading=\"lazy\" title=\"Alinearse para una mejor salud\" width=\"500\" height=\"281\" src=\"https:\/\/www.youtube.com\/embed\/KT-TpATS6Kw?start=3&#038;feature=oembed&#038;rel=0\" frameborder=\"0\" allow=\"accelerometer; autoplay; clipboard-write; encrypted-media; gyroscope; picture-in-picture; web-share\" referrerpolicy=\"strict-origin-when-cross-origin\" allowfullscreen><\/iframe>\n<\/div><\/figure>\n\n<\/div>\n\n\n<div class=\"entry-content shs-block column\">\n\n<p>El Dr. Kevin Ewanchyna, director m\u00e9dico de InterCommunity Health Network CCO, explica c\u00f3mo las comunidades locales pueden trabajar juntas para mejorar la salud. Esta presentaci\u00f3n se realiz\u00f3 en el Foro Building a Healthier Community (Construyendo una comunidad m\u00e1s saludable) en la Feria y Exposici\u00f3n del Condado de Linn el 25 de enero de 2016.<\/p>\n\n<\/div>\n\n<\/div>\n<\/section>\n\n<\/div>\n\t<\/section>\n\n\n\n<section id=\"block_fee961cc61be6bf01e3e260bf3edd053\" class=\"shs-block block-section grid-container has-white-background-color\" >\n\t\t<div class=\"entry-content\">\n\n<h2 class=\"wp-block-heading\">Nuestra Junta Directiva<\/h2>\n\n\n\n<ul class=\"wp-block-list\">\n<li>Presidente y director ejecutivo de Samaritan Health Services: Doug Boysen, JD, MHA.<\/li>\n\n\n\n<li>2 m\u00e9dicos independientes: Dra. Lara Gamelin, Dr. Bruce Madsen.<\/li>\n\n\n\n<li>1 dentista independiente: Dra. Courtney Miller.<\/li>\n\n\n\n<li>3 comisionados del condado: Claire Hall, comisionada del condado de Lincoln, Xanthippe Augerot, comisionado del condado de Benton, Roger Nyquist, comisionado del condado de Linn.<\/li>\n\n\n\n<li>1 administradora del sistema de salud: Kristy Jessop-Shankowski, MD, directora m\u00e9dica, Medicina interna del Good Samaritan Regional Hospital.<\/li>\n\n\n\n<li>2 miembros de la comunidad: Lisa Pierson.<\/li>\n\n\n\n<li>Presidente del Consejo Asesor Comunitario de IHN-CCO \u2014 Dick Knowles.<\/li>\n<\/ul>\n\n\n\n<div class=\"wp-block-buttons is-layout-flex wp-block-buttons-is-layout-flex\">\n<div class=\"wp-block-button\"><a class=\"wp-block-button__link wp-element-button\" href=\"http:\/\/ihntogether.org\/es\/como-servimos\/junta-directiva\/\">Ver ubicaci\u00f3n y actas de la reuni\u00f3n<\/a><\/div>\n<\/div>\n\n<\/div>\n\t<\/section>\n\n\n\n<section id=\"block_3a1a08eff788b9a875bfdf71c90a36b4\" class=\"shs-block block-section grid-container has-ash-background-color\" >\n\t\t<div class=\"entry-content\">\n\n<h2 class=\"wp-block-heading\">Nuestros Consejos y Comit\u00e9s<\/h2>\n\n\n\n<p>El&nbsp;<a href=\"http:\/\/ihntogether.org\/es\/consejo-asesor-comunitario\/\">Community Advisory Council (CAC)&nbsp;<\/a>Aporta ideas y comentarios a la IHN-CCO sobre la misi\u00f3n y las operaciones. El consejo est\u00e1 formado por miembros de la IHN-CCO, ciudadanos locales y el gobierno del condado.<\/p>\n\n\n\n<p>Reclutamos miembros durante todo el a\u00f1o para cubrir las vacantes que puedan surgir en nuestro consejo regional y para brindar la ayuda necesaria en los consejos asesores a nivel de condado. Descubra c\u00f3mo&nbsp;<a href=\"http:\/\/ihntogether.org\/es\/consejo-asesor-comunitario\/complicarse\/\">involucrarse en el consejo<\/a>.<\/p>\n\n\n\n<p>El Regional Planning Council (RPC) es un grupo de trabajo permanente centrado en la planificaci\u00f3n y coordinaci\u00f3n del sistema local de servicios y apoyos de salud para la regi\u00f3n IHN-CCO de los condados de Benton, Lincoln y Linn. El RPC sirve para guiar el desarrollo de un sistema regional de atenci\u00f3n m\u00e9dica firmemente basado en una filosof\u00eda de atenci\u00f3n m\u00e9dica coordinada, centrada en el paciente y brindada localmente. El RPC desarrolla herramientas y estrategias para transformar e integrar el sistema de atenci\u00f3n; recomienda la financiaci\u00f3n necesaria para las actividades de transformaci\u00f3n; garantiza la coordinaci\u00f3n entre sistemas y las transiciones de atenci\u00f3n, y patrocina un proceso eficaz de mejora de la calidad para impulsar un cambio positivo en el sistema.<\/p>\n\n\n\n<div class=\"wp-block-buttons is-layout-flex wp-block-buttons-is-layout-flex\">\n<div class=\"wp-block-button\"><a class=\"wp-block-button__link wp-element-button\" href=\"http:\/\/ihntogether.org\/es\/consejo-asesor-comunitario\/\">Obtenga m\u00e1s informaci\u00f3n sobre el CAC<\/a><\/div>\n<\/div>\n\n<\/div>\n\t<\/section>","protected":false},"excerpt":{"rendered":"<p>La InterCommunity Health Network Coordinated Care Organization (IHN-CCO) fue formada por socios p\u00fablicos, privados y sin fines de lucro locales para unificar los servicios y sistemas de salud para los miembros del Plan de Oregon Health Plan (Medicaid) en los condados de Benton, Lincoln y Linn.<\/p>","protected":false},"author":16,"featured_media":0,"parent":15,"menu_order":2,"comment_status":"closed","ping_status":"closed","template":"","meta":{"_acf_changed":false,"_searchwp_excluded":"","_shs_workflow_notes":"","_shs_exclude_from_navigation":false,"_shs_promote_article_on_blogs":"","footnotes":""},"class_list":["post-43","page","type-page","status-publish","hentry"],"acf":[],"_links":{"self":[{"href":"https:\/\/ihntogether.org\/es\/wp-json\/wp\/v2\/pages\/43","targetHints":{"allow":["GET"]}}],"collection":[{"href":"https:\/\/ihntogether.org\/es\/wp-json\/wp\/v2\/pages"}],"about":[{"href":"https:\/\/ihntogether.org\/es\/wp-json\/wp\/v2\/types\/page"}],"author":[{"embeddable":true,"href":"https:\/\/ihntogether.org\/es\/wp-json\/wp\/v2\/users\/16"}],"replies":[{"embeddable":true,"href":"https:\/\/ihntogether.org\/es\/wp-json\/wp\/v2\/comments?post=43"}],"version-history":[{"count":0,"href":"https:\/\/ihntogether.org\/es\/wp-json\/wp\/v2\/pages\/43\/revisions"}],"up":[{"embeddable":true,"href":"https:\/\/ihntogether.org\/es\/wp-json\/wp\/v2\/pages\/15"}],"wp:attachment":[{"href":"https:\/\/ihntogether.org\/es\/wp-json\/wp\/v2\/media?parent=43"}],"curies":[{"name":"Gracias","href":"https:\/\/api.w.org\/{rel}","templated":true}]}}