{"id":4593,"date":"2025-11-24T15:12:29","date_gmt":"2025-11-24T23:12:29","guid":{"rendered":"https:\/\/ihntogether.org\/?page_id=4593"},"modified":"2025-11-24T15:13:42","modified_gmt":"2025-11-24T23:13:42","slug":"portal-para-desarrolladores-de-api-gateway","status":"publish","type":"page","link":"https:\/\/ihntogether.org\/es\/api-gateway-developer-portal\/","title":{"rendered":"Portal para desarrolladores de API Gateway"},"content":{"rendered":"<section id=\"block_ee589d4fe4e45a6dd4fc0e9b1c0a3fc5\" class=\"shs-block block-section grid-container has-gray-warm-background-color\" >\n\t\t<div class=\"entry-content\">\n\n<h1 class=\"wp-block-heading\">Portal para desarrolladores de API Gateway<\/h1>\n\n<\/div>\n\t<\/section>\n\n\n\n<section id=\"block_cd49da3635bfbb8f33c3babb592592a6\" class=\"shs-block block-section grid-container has-white-background-color\" >\n\t\t<div class=\"entry-content\">\n\n<h2 class=\"wp-block-heading\">Bienvenido al portal para desarrolladores de API Gateway de Samaritan Health Plans<\/h2>\n\n\n\n<p>Has llegado al lugar correcto para conectarte a:<\/p>\n\n\n\n<ul class=\"wp-block-list\">\n<li>API de acceso para pacientes<\/li>\n\n\n\n<li>API del formulario de medicamentos<\/li>\n\n\n\n<li>API de directorio de proveedores<\/li>\n<\/ul>\n\n<\/div>\n\t<\/section>\n\n\n\n<section id=\"block_133fd1c478340c40136acbdc3d181b0a\" class=\"shs-block block-section grid-container has-breeze-background-color\" >\n\t\t<div class=\"entry-content\">\n\n<h2 class=\"wp-block-heading\">API de acceso para pacientes<\/h2>\n\n\n\n<p>Seg\u00fan lo dispuesto por los Centros de Servicios de Medicare y Medicaid (CMS) de EE. UU., la API de acceso de pacientes del Samaritan Health Plan cumple con las especificaciones descritas en <a href=\"https:\/\/build.fhir.org\/ig\/HL7\/carin-bb\/index.html\" target=\"_blank\" rel=\"noreferrer noopener\">Gu\u00eda de implementaci\u00f3n del Intercambio de datos de pagadores dirigidos por el consumidor de CARIN (CARIN IG para Blue Button)<\/a> y el <a href=\"https:\/\/build.fhir.org\/ig\/HL7\/US-Core\/CapabilityStatement-us-core-client.html\" target=\"_blank\" rel=\"noreferrer noopener\">Gu\u00eda de implementaci\u00f3n de US CORE<\/a> que cumple con el est\u00e1ndar t\u00e9cnico para el intercambio de datos a trav\u00e9s de API segura.<\/p>\n\n\n\n<p>Samaritan Health Plan ha contratado a HealthTrio para administrar y dar soporte a la API de acceso para pacientes. Las instrucciones para comenzar se proporcionan haciendo clic en el bot\u00f3n <a href=\"https:\/\/www.mpulse.com\/fhir-api\/\" target=\"_blank\" rel=\"noreferrer noopener\">API de FHIR<\/a> Enlace. Los desarrolladores deben estar familiarizados con las API FHIR de HL7 y comprender c\u00f3mo funcionan.<\/p>\n\n\n\n<p>Tenga en cuenta que el mandato exige que esta informaci\u00f3n est\u00e9 disponible p\u00fablicamente. Si tiene alguna pregunta sobre los est\u00e1ndares o requisitos de la API FHIR de HL7, consulte <a href=\"https:\/\/build.fhir.org\/ig\/HL7\/carin-bb\/index.html\" target=\"_blank\" rel=\"noreferrer noopener\">Gu\u00eda de implementaci\u00f3n del Intercambio de datos de pagadores dirigidos por el consumidor de CARIN (CARIN IG para Blue Button)<\/a> y el <a href=\"https:\/\/build.fhir.org\/ig\/HL7\/US-Core\/index.html\" target=\"_blank\" rel=\"noreferrer noopener\">Gu\u00eda de implementaci\u00f3n de US CORE<\/a>.<\/p>\n\n\n\n<p>Si tiene preguntas sobre la API FHIR de Samaritan Health Plan, comun\u00edquese con HealthTrio haciendo clic en el <a href=\"https:\/\/www.mpulse.com\/fhir-api\/\" target=\"_blank\" rel=\"noreferrer noopener\">API de FHIR<\/a> Enlace y siga las instrucciones. Samaritan Health Plan no admite preguntas espec\u00edficas del desarrollador.<strong><br><\/strong><\/p>\n\n<\/div>\n\t<\/section>\n\n\n\n<section id=\"block_cd49da3635bfbb8f33c3babb592592a6\" class=\"shs-block block-section grid-container has-white-background-color\" >\n\t\t<div class=\"entry-content\">\n\n<h2 class=\"wp-block-heading\">API del formulario de medicamentos<\/h2>\n\n\n\n<p>Seg\u00fan lo dispuesto por los Centros de Servicios de Medicare y Medicaid (CMS) de EE. UU., la API del Formulario de Medicamentos del Plan de Salud Samaritan cumple con las especificaciones descritas en <a href=\"https:\/\/build.fhir.org\/ig\/HL7\/davinci-pdex-formulary\/CapabilityStatement-usdf-server.html\" target=\"_blank\" rel=\"noreferrer noopener\">Gu\u00eda de implementaci\u00f3n del formulario de medicamentos de EE. UU. de DaVinci Payer Data Exchange (PDex)<\/a> y cumple con el est\u00e1ndar t\u00e9cnico para el intercambio de datos a trav\u00e9s de la API FHIR.<\/p>\n\n\n\n<p>Samaritan Health Plan ha contratado a HealthTrio para administrar y dar soporte a la API del Formulario de Medicamentos. Las instrucciones para comenzar se proporcionan haciendo clic en el bot\u00f3n <a href=\"https:\/\/www.mpulse.com\/fhir-api\/\" target=\"_blank\" rel=\"noreferrer noopener\">API de FHIR<\/a> Enlace. Los desarrolladores deben estar familiarizados con las API FHIR de HL7 y comprender c\u00f3mo funcionan.<\/p>\n\n\n\n<p>Tenga en cuenta que el mandato exige que esta informaci\u00f3n est\u00e9 disponible p\u00fablicamente. Si tiene alguna pregunta sobre los est\u00e1ndares o requisitos de la API FHIR de HL7, consulte <a href=\"https:\/\/build.fhir.org\/ig\/HL7\/davinci-pdex-formulary\/\" target=\"_blank\" rel=\"noreferrer noopener\">Gu\u00eda de implementaci\u00f3n del formulario de medicamentos de EE. UU. de DaVinci Payer Data Exchange (PDex)<\/a>.<\/p>\n\n\n\n<p>Si tiene preguntas sobre la API FHIR de Samaritan Health Plan, comun\u00edquese con HealthTrio haciendo clic en el <a href=\"https:\/\/www.mpulse.com\/fhir-api\/\" target=\"_blank\" rel=\"noreferrer noopener\">API de FHIR<\/a> Enlace y siga las instrucciones. Samaritan Health Plan no admite preguntas espec\u00edficas del desarrollador.<\/p>\n\n<\/div>\n\t<\/section>\n\n\n\n<section id=\"block_99a3b0cdce35bf61993a24d057b5055e\" class=\"shs-block block-section grid-container has-gray-warm-background-color\" >\n\t\t<div class=\"entry-content\">\n\n<h2 class=\"wp-block-heading\">API de directorio de proveedores<\/h2>\n\n\n\n<p>Seg\u00fan lo dispuesto por los Centros de Servicios de Medicare y Medicaid (CMS) de EE. UU., la API del Directorio de proveedores de Samaritan Health Plan cumple con las especificaciones descritas en <a href=\"https:\/\/build.fhir.org\/ig\/HL7\/davinci-pdex-plan-net\/CapabilityStatement-plan-net.html\" target=\"_blank\" rel=\"noreferrer noopener\">Gu\u00eda de implementaci\u00f3n del Plan-Net de DaVinci PDEX<\/a> y cumple con el est\u00e1ndar t\u00e9cnico para el intercambio de datos a trav\u00e9s de la API FHIR.<\/p>\n\n\n\n<p>Samaritan Health Plan ha contratado a HealthTrio para administrar y dar soporte a la API del Directorio de Proveedores. Para obtener instrucciones sobre c\u00f3mo comenzar, haga clic en el bot\u00f3n <a href=\"https:\/\/www.mpulse.com\/fhir-api\/\" target=\"_blank\" rel=\"noreferrer noopener\">API de FHIR<\/a> Enlace. Los desarrolladores deben estar familiarizados con las API FHIR de HL7 y comprender c\u00f3mo funcionan.<\/p>\n\n\n\n<p>Tenga en cuenta que el mandato exige que esta informaci\u00f3n est\u00e9 disponible p\u00fablicamente. Si tiene alguna pregunta sobre los est\u00e1ndares o requisitos de la API FHIR de HL7, consulte <a href=\"https:\/\/build.fhir.org\/ig\/HL7\/davinci-pdex-plan-net\/index.html\" target=\"_blank\" rel=\"noreferrer noopener\">Gu\u00eda de implementaci\u00f3n del Plan-Net PDEX de Da Vinci<\/a>.<\/p>\n\n\n\n<p>Si tiene preguntas sobre la API FHIR de Samaritan Health Plan, comun\u00edquese con HealthTrio haciendo clic en el <a href=\"https:\/\/www.mpulse.com\/fhir-api\/\" target=\"_blank\" rel=\"noreferrer noopener\">API de FHIR<\/a> Enlace y siga las instrucciones. Samaritan Health Plan no admite preguntas espec\u00edficas del desarrollador.<strong><br><\/strong><\/p>\n\n<\/div>\n\t<\/section>","protected":false},"excerpt":{"rendered":"<p>Encuentre la informaci\u00f3n que necesita para conectarse con el Portal para desarrolladores de API Gateway Samaritan Health Plans.<\/p>","protected":false},"author":11,"featured_media":0,"parent":0,"menu_order":0,"comment_status":"closed","ping_status":"closed","template":"","meta":{"_acf_changed":false,"_searchwp_excluded":"","_shs_workflow_notes":"","_shs_exclude_from_navigation":true,"_shs_promote_article_on_blogs":"","footnotes":""},"class_list":["post-4593","page","type-page","status-publish","hentry"],"acf":[],"_links":{"self":[{"href":"https:\/\/ihntogether.org\/es\/wp-json\/wp\/v2\/pages\/4593","targetHints":{"allow":["GET"]}}],"collection":[{"href":"https:\/\/ihntogether.org\/es\/wp-json\/wp\/v2\/pages"}],"about":[{"href":"https:\/\/ihntogether.org\/es\/wp-json\/wp\/v2\/types\/page"}],"author":[{"embeddable":true,"href":"https:\/\/ihntogether.org\/es\/wp-json\/wp\/v2\/users\/11"}],"replies":[{"embeddable":true,"href":"https:\/\/ihntogether.org\/es\/wp-json\/wp\/v2\/comments?post=4593"}],"version-history":[{"count":0,"href":"https:\/\/ihntogether.org\/es\/wp-json\/wp\/v2\/pages\/4593\/revisions"}],"wp:attachment":[{"href":"https:\/\/ihntogether.org\/es\/wp-json\/wp\/v2\/media?parent=4593"}],"curies":[{"name":"Gracias","href":"https:\/\/api.w.org\/{rel}","templated":true}]}}