{"id":73,"date":"2024-03-26T11:04:48","date_gmt":"2024-03-26T18:04:48","guid":{"rendered":"https:\/\/samhealth.org\/ihn\/?page_id=73"},"modified":"2024-03-29T10:22:06","modified_gmt":"2024-03-29T17:22:06","slug":"resumen-de-sus-beneficios","status":"publish","type":"page","link":"https:\/\/ihntogether.org\/es\/your-benefits\/your-benefits-overview\/","title":{"rendered":"Descripci\u00f3n general de sus beneficios"},"content":{"rendered":"<section id=\"block_21ec5bdef790010763a88d3cf99abd42\" class=\"shs-block block-slim-section grid-container has-breeze-background-color\">\n\n\t<div class=\"entry-content\">\n\n<h2 class=\"wp-block-heading\" id=\"h-do-not-edit-or-delete-this-page\">NO edite ni elimine esta p\u00e1gina.  <\/h2>\n\n\n\n<p>Esta p\u00e1gina se utiliza \u00fanicamente con fines de navegaci\u00f3n.<\/p>\n\n<\/div>\n\n\t<\/section>","protected":false},"excerpt":{"rendered":"","protected":false},"author":18,"featured_media":0,"parent":10,"menu_order":1,"comment_status":"closed","ping_status":"closed","template":"","meta":{"_acf_changed":false,"_searchwp_excluded":"1","_shs_workflow_notes":"Navigation page ONLY.\nDo not EDIT or DELETE this page.","_shs_exclude_from_navigation":false,"_shs_promote_article_on_blogs":"","footnotes":""},"class_list":["post-73","page","type-page","status-publish","hentry"],"acf":[],"_links":{"self":[{"href":"https:\/\/ihntogether.org\/es\/wp-json\/wp\/v2\/pages\/73","targetHints":{"allow":["GET"]}}],"collection":[{"href":"https:\/\/ihntogether.org\/es\/wp-json\/wp\/v2\/pages"}],"about":[{"href":"https:\/\/ihntogether.org\/es\/wp-json\/wp\/v2\/types\/page"}],"author":[{"embeddable":true,"href":"https:\/\/ihntogether.org\/es\/wp-json\/wp\/v2\/users\/18"}],"replies":[{"embeddable":true,"href":"https:\/\/ihntogether.org\/es\/wp-json\/wp\/v2\/comments?post=73"}],"version-history":[{"count":0,"href":"https:\/\/ihntogether.org\/es\/wp-json\/wp\/v2\/pages\/73\/revisions"}],"up":[{"embeddable":true,"href":"https:\/\/ihntogether.org\/es\/wp-json\/wp\/v2\/pages\/10"}],"wp:attachment":[{"href":"https:\/\/ihntogether.org\/es\/wp-json\/wp\/v2\/media?parent=73"}],"curies":[{"name":"Gracias","href":"https:\/\/api.w.org\/{rel}","templated":true}]}}