{"id":89,"date":"2023-11-15T16:28:56","date_gmt":"2023-11-16T00:28:56","guid":{"rendered":"https:\/\/samhealth.org\/ihn\/?page_id=89"},"modified":"2026-01-26T13:44:57","modified_gmt":"2026-01-26T21:44:57","slug":"dental","status":"publish","type":"page","link":"https:\/\/ihntogether.org\/es\/your-benefits\/dental\/","title":{"rendered":"Dental"},"content":{"rendered":"<section id=\"block_2d32dcb1aa3046b7bbe0a2a3d77164c8\" class=\"shs-block block-section grid-container has-gray-warm-background-color\" >\n\t\t<div class=\"entry-content\">\n\n<h1 class=\"wp-block-heading\" id=\"h-your-dental-benefits\">Sus beneficios dentales<\/h1>\n\n<\/div>\n\t<\/section>\n\n\n\n<section id=\"covered-services\" class=\"shs-block block-section grid-container has-white-background-color\" >\n\t\t<div class=\"entry-content\">\n\n<h2 class=\"wp-block-heading\">Explora tu cobertura<\/h2>\n\n\n\n<p>Es importante que te realices ex\u00e1menes y limpiezas dentales con regularidad. Esto te ayudar\u00e1 con tu salud general y puede ayudar a prevenir futuros problemas dentales. Si tienes dolor de muelas, llama a tu dentista de inmediato. Tu dentista trabajar\u00e1 contigo para satisfacer tus necesidades de salud bucal y te ayudar\u00e1 a decidir qu\u00e9 hacer a continuaci\u00f3n.<\/p>\n\n\n\n<p>Algunos tipos de servicios requieren que su dentista se comunique con su plan dental antes de que usted reciba el servicio. Esto se denomina autorizaci\u00f3n previa. Su dentista le informar\u00e1 cuando se haya autorizado el servicio. Algunos ejemplos de servicios que pueden necesitar autorizaci\u00f3n previa son coronas, endodoncias, extracciones, pr\u00f3tesis dentales parciales o pr\u00f3tesis dentales.<\/p>\n\n\n\n<p>Los servicios dentales est\u00e1n cubiertos cuando los brinda un proveedor dentro de la red. Para obtener una descripci\u00f3n completa de los beneficios y servicios disponibles para usted, lea el Manual para miembros de IHN-CCO. Si cree que necesita un servicio que no se encuentra en el manual, usted o su proveedor deben comunicarse con su plan dental antes de recibir el servicio. Si no puede comunicarse con su plan dental,&nbsp;<a href=\"https:\/\/ihntogether.org\/es\/contactenos\/\">Cont\u00e1ctenos<\/a>.<\/p>\n\n\n\n<p>Los beneficios est\u00e1n sujetos a cambios.<\/p>\n\n\n\n<p><a href=\"https:\/\/samhealthplans.org\/wp-content\/uploads\/sites\/3\/2023\/06\/Member-Handbook-IHN-CCO.pdf\" target=\"_blank\" rel=\"noreferrer noopener\">Manual del miembro (English)<\/a><br><a href=\"https:\/\/samhealthplans.org\/wp-content\/uploads\/sites\/3\/2023\/06\/Member-Handbook-IHN-CCO-Spanish.pdf\" target=\"_blank\" rel=\"noreferrer noopener\">Manual del miembro (espa\u00f1ol)<\/a><\/p>\n\n<\/div>\n\t<\/section>\n\n\n\n<section id=\"block_cbabb7663fe5d02275c8cd788b338146\" class=\"shs-block block-section grid-container has-breeze-background-color\" >\n\t\t<div class=\"entry-content\">\n\n<h2 class=\"wp-block-heading\">Beneficios exclusivos de atenci\u00f3n dental<\/h2>\n\n\n\n<p>La cobertura de CCOF se refiere a los miembros que solo tienen beneficios dentales a trav\u00e9s de IHN-CCO. La elegibilidad y la inscripci\u00f3n en este plan est\u00e1n determinadas por OHA. Si tiene alguna pregunta sobre su elegibilidad para este plan, llame al servicio de atenci\u00f3n al cliente de Oregon Eligibility (ONE) al&nbsp;<a href=\"tel:800-699-9075\">800-699-9075<\/a>&nbsp;(TTY <strong><a href=\"tel:711\">711<\/a><\/strong>), de lunes a viernes, de 8 a m a 5 p m.<\/p>\n\n\n\n<h3 class=\"wp-block-heading\">Cobertura b\u00e1sica<\/h3>\n\n\n\n<p>Los miembros que re\u00fanen los requisitos para este plan reciben la misma atenci\u00f3n dental que los miembros de OHP que tienen cobertura dental. Esta cobertura incluye, entre otras cosas:<\/p>\n\n\n\n<ul class=\"wp-block-list\">\n<li>Limpieza de dientes.<\/li>\n\n\n\n<li>Rellenos y extracciones.<\/li>\n\n\n\n<li>Atenci\u00f3n dental de emergencia.<\/li>\n\n\n\n<li>Algunas dentaduras postizas.<\/li>\n<\/ul>\n\n\n\n<p>Junto con esta cobertura tendr\u00e1s acceso a:<\/p>\n\n\n\n<ul class=\"wp-block-list\">\n<li><a href=\"https:\/\/ihntogether.org\/es\/mas-servicios\/transporte\/\">Viajes a servicios cubiertos<\/a>.<\/li>\n\n\n\n<li><a href=\"https:\/\/ihntogether.org\/es\/sus-beneficios\/derechos-y-responsabilidades-de-los-miembros\/\">Derechos y responsabilidades de los miembros<\/a>.<\/li>\n\n\n\n<li>Quejas y apelaciones.<\/li>\n\n\n\n<li>Odontolog\u00eda hospitalaria, seg\u00fan necesidad y con aprobaci\u00f3n previa.&nbsp;<\/li>\n<\/ul>\n\n<\/div>\n\t<\/section>\n\n\n\n<section id=\"block_9e4eaa7afbb2bc674569d8f8cc7554ab\" class=\"shs-block block-section grid-container has-white-background-color has-full-bleed-image\" >\n\t\t\t<figure class=\"image\"\n\t\t\tstyle=\"background-image: url(https:\/\/ihntogether.org\/wp-content\/uploads\/sites\/4\/2023\/12\/Girl-in-dentist-chair.jpg)\" \t\t\t>\n\t\t\t<img loading=\"lazy\" decoding=\"async\" width=\"900\" height=\"576\" src=\"https:\/\/ihntogether.org\/wp-content\/uploads\/sites\/4\/2023\/12\/Girl-in-dentist-chair.jpg\" class=\"attachment-full size-full\" alt=\"\" srcset=\"https:\/\/ihntogether.org\/wp-content\/uploads\/sites\/4\/2023\/12\/Girl-in-dentist-chair.jpg 900w, https:\/\/ihntogether.org\/wp-content\/uploads\/sites\/4\/2023\/12\/Girl-in-dentist-chair-300x192.jpg 300w, https:\/\/ihntogether.org\/wp-content\/uploads\/sites\/4\/2023\/12\/Girl-in-dentist-chair-768x492.jpg 768w, https:\/\/ihntogether.org\/wp-content\/uploads\/sites\/4\/2023\/12\/Girl-in-dentist-chair-156x100.jpg 156w\" sizes=\"auto, (max-width: 900px) 100vw, 900px\" \/>\t\t<\/figure>\n\t\t<div class=\"entry-content\">\n\n<h2 class=\"wp-block-heading\">Servicios dentales no cubiertos<\/h2>\n\n\n\n<p>Lamentablemente, IHN-CCO y Oregon Health Plan no pueden cubrir todo. Tratamos de cubrir los servicios m\u00e1s importantes para tratar problemas dentales comunes y mantenerlo saludable. Consulte la&nbsp;<a href=\"https:\/\/ihntogether.org\/es\/sus-beneficios\/servicios-no-cubiertos\/\">Servicios no cubiertos<\/a>&nbsp;p\u00e1gina web o el Manual del Miembro para obtener una lista de servicios no cubiertos.<\/p>\n\n\n\n<p>Si tiene alguna pregunta sobre servicios no cubiertos, comun\u00edquese con su plan dental asignado.<\/p>\n\n\n\n<h2 class=\"wp-block-heading\">Recibir atenci\u00f3n m\u00e9dica<\/h2>\n\n\n\n<p>Debe elegir una cl\u00ednica o consultorio dental como su dentista de atenci\u00f3n primaria. Su dentista se encargar\u00e1 de organizar toda su atenci\u00f3n dental. Su dentista tambi\u00e9n lo enviar\u00e1 a un especialista si necesita ir. Llame al departamento de atenci\u00f3n al cliente de su plan dental para obtener el nombre, el n\u00famero de tel\u00e9fono, la direcci\u00f3n y el horario de atenci\u00f3n de su dentista. Es importante elegir un consultorio de proveedor cerca de su hogar.<\/p>\n\n\n\n<p>Como miembro de IHN-CCO, tiene derecho a elegir su dentista de atenci\u00f3n primaria y su plan dental. IHN-CCO no limita el dentista o el plan dental que elija, si est\u00e1n dentro de la red y aceptan nuevos pacientes. Si desea cambiar de dentista, comun\u00edquese con su plan dental. Si no sabe a qu\u00e9 plan dental est\u00e1 asignado, comun\u00edquese con su plan dental.&nbsp;<a href=\"https:\/\/ihntogether.org\/es\/contactenos\/\">Contactar con Atenci\u00f3n al Cliente<\/a>&nbsp;para pedir ayuda.<\/p>\n\n\n\n<p>Cuando llame a su plan dental, aseg\u00farese de informarles si tiene alguna condici\u00f3n m\u00e9dica que pueda afectar su salud bucal, como embarazo o diabetes.<\/p>\n\n\n\n<p><a href=\"https:\/\/ihntogether.org\/es\/contactenos\/\">Cont\u00e1ctanos para elegir tu plan<\/a><\/p>\n\n<\/div>\n\t<\/section>\n\n\n\n<section id=\"dental-plans\" class=\"shs-block block-section grid-container has-gray-warm-background-color\" >\n\t\t<div class=\"entry-content\">\n\n<h2 class=\"wp-block-heading\">Planes dentales<\/h2>\n\n\n\n<p>Actualmente, IHN-CCO colabora con cuatro planes dentales. Puede llamar a un plan o buscar proveedores dentales de IHN-CCO en el Directorio de proveedores de planes de salud de Samaritan:<\/p>\n\n\n\n<div class=\"wp-block-buttons is-layout-flex wp-block-buttons-is-layout-flex\">\n<div class=\"wp-block-button\"><a class=\"wp-block-button__link wp-element-button\" href=\"https:\/\/samhealthplans.providerlenz.com\/home?directory=dental\" target=\"_blank\" rel=\"noreferrer noopener\">Buscar proveedores de servicios dentales<\/a><\/div>\n<\/div>\n\n\n\n<h3 class=\"wp-block-heading\" id=\"h-advantage-dental\"><strong>Advantage Dental<\/strong><\/h3>\n\n\n\n<ul class=\"wp-block-list\">\n<li>Busque en el directorio en l\u00ednea o llame&nbsp;&nbsp;<a href=\"tel:866-268-9631\">866-268-9631<\/a>, (TTY&nbsp;&nbsp;<a href=\"tel:866-268-9617\">866-268-9617<\/a>).<\/li>\n<\/ul>\n\n\n\n<h3 class=\"wp-block-heading\"><strong>Capitol Dental Care<\/strong><\/h3>\n\n\n\n<ul class=\"wp-block-list\">\n<li>Busque en el directorio en l\u00ednea o llame&nbsp;&nbsp;<a href=\"tel:800-525-6800\">800-525-6800<\/a>, (TTY&nbsp;&nbsp;<a href=\"tel:800-735-2900\">800-735-2900<\/a>).<\/li>\n<\/ul>\n\n\n\n<h3 class=\"wp-block-heading\"><strong>Moda\/Oregon Dental Services<\/strong><\/h3>\n\n\n\n<ul class=\"wp-block-list\">\n<li>Busque en el directorio en l\u00ednea o llame&nbsp;&nbsp;<a href=\"tel:800-342-0526\">800-342-0526<\/a>, (TTY&nbsp;&nbsp;<a href=\"tel:800-342-0526\">800-342-0526<\/a>).<\/li>\n<\/ul>\n\n\n\n<h3 class=\"wp-block-heading\"><strong>Willamette Dental Group<\/strong><\/h3>\n\n\n\n<ul class=\"wp-block-list\">\n<li>Busque en el directorio en l\u00ednea o llame&nbsp;&nbsp;<a href=\"tel:855-433-6825\">855-433-6825<\/a>&nbsp;Opci\u00f3n 3, (TTY&nbsp;&nbsp;<a href=\"tel:800-735-1232\">800-735-1232<\/a>).<\/li>\n<\/ul>\n\n<\/div>\n\t<\/section>\n\n\n\n<section id=\"block_81fb1a8b590e3370bb3f46df4052441e\" class=\"shs-block block-section grid-container has-white-background-color\" >\n\t\t<div class=\"entry-content\">\n\n<h2 class=\"wp-block-heading\">Atenci\u00f3n dental urgente<\/h2>\n\n\n\n<p>Siempre llame primero al consultorio de su dentista de atenci\u00f3n primaria si tiene alg\u00fan problema dental. Alguien podr\u00e1 ayudarlo d\u00eda y noche, incluso los fines de semana y d\u00edas festivos. Si no puede comunicarse con el consultorio de su dentista por un problema urgente, o si no puede atenderlo con la suficiente rapidez, puede acudir a un centro de atenci\u00f3n de urgencias o a una cl\u00ednica sin cita previa. Si no sabe qu\u00e9 tan urgente es el problema, llame a su dentista. No se requiere aprobaci\u00f3n previa para los servicios de atenci\u00f3n de urgencias en ning\u00fan lugar de los Estados Unidos.<\/p>\n\n\n\n<p>Algunos ejemplos de situaciones dentales urgentes son:<\/p>\n\n\n\n<ul class=\"wp-block-list\">\n<li>Dolor dental severo o infecci\u00f3n.<\/li>\n\n\n\n<li>Enc\u00edas inflamadas.<\/li>\n\n\n\n<li>Un relleno perdido.<\/li>\n\n\n\n<li>Diente roto.<\/li>\n<\/ul>\n\n<\/div>\n\t<\/section>\n\n\n\n<section id=\"block_2d32dcb1aa3046b7bbe0a2a3d77164c8\" class=\"shs-block block-section grid-container has-gray-warm-background-color\" >\n\t\t<div class=\"entry-content\">\n\n<h2 class=\"wp-block-heading\">Emergencia de salud dental<\/h2>\n\n\n\n<p>Una emergencia de salud dental incluye dolor de muelas intenso, un diente que se ha ca\u00eddo, hinchaz\u00f3n o infecci\u00f3n grave de las enc\u00edas alrededor del diente y un absceso grave. Una emergencia de salud dental es la atenci\u00f3n dental que requiere tratamiento dentro de los dos d\u00edas o antes. Para una emergencia de salud dental, llame a su dentista de atenci\u00f3n primaria. Si no puede comunicarse con su dentista, llame a su plan dental y una persona lo ayudar\u00e1 con su emergencia. Si no puede comunicarse con su dentista o plan dental, llame al 911 o vaya a la sala de emergencias de un hospital u otro lugar donde puedan tratar emergencias dentales. Las emergencias dentales no requieren aprobaci\u00f3n previa en ning\u00fan lugar de los Estados Unidos. Un traslado al hospital en ambulancia est\u00e1 cubierto sin aprobaci\u00f3n previa si es una emergencia.<\/p>\n\n<\/div>\n\t<\/section>\n\n\n\n<section id=\"block_81fb1a8b590e3370bb3f46df4052441e\" class=\"shs-block block-section grid-container has-white-background-color\" >\n\t\t<div class=\"entry-content\">\n\n<h2 class=\"wp-block-heading\">Encuentre formularios importantes<\/h2>\n\n\n\n<p><a href=\"https:\/\/samhealthplans.org\/wp-content\/uploads\/sites\/3\/2023\/06\/prior-auth-request-form.pdf\" target=\"_blank\" rel=\"noreferrer noopener\">Formulario de solicitud de autorizaci\u00f3n previa<\/a> \u2013 Su dentista de atenci\u00f3n primaria utilizar\u00e1 este formulario para solicitar una autorizaci\u00f3n para servicios dentales.<\/p>\n\n\n\n<p><a href=\"https:\/\/ihntogether.org\/es\/sus-beneficios\/formas\/\" data-type=\"page\" data-id=\"120\">Encuentra m\u00e1s<\/a> formularios relacionados con la cobertura.<\/p>\n\n<\/div>\n\t<\/section>","protected":false},"excerpt":{"rendered":"<p>Obtenga m\u00e1s informaci\u00f3n sobre sus beneficios dentales como miembro de IHN-CCO.<\/p>","protected":false},"author":11,"featured_media":0,"parent":10,"menu_order":4,"comment_status":"closed","ping_status":"closed","template":"","meta":{"_acf_changed":false,"_searchwp_excluded":"","_shs_workflow_notes":"Updated Member Handbook 2025 to SHP website.","_shs_exclude_from_navigation":false,"_shs_promote_article_on_blogs":"","footnotes":""},"class_list":["post-89","page","type-page","status-publish","hentry"],"acf":[],"_links":{"self":[{"href":"https:\/\/ihntogether.org\/es\/wp-json\/wp\/v2\/pages\/89","targetHints":{"allow":["GET"]}}],"collection":[{"href":"https:\/\/ihntogether.org\/es\/wp-json\/wp\/v2\/pages"}],"about":[{"href":"https:\/\/ihntogether.org\/es\/wp-json\/wp\/v2\/types\/page"}],"author":[{"embeddable":true,"href":"https:\/\/ihntogether.org\/es\/wp-json\/wp\/v2\/users\/11"}],"replies":[{"embeddable":true,"href":"https:\/\/ihntogether.org\/es\/wp-json\/wp\/v2\/comments?post=89"}],"version-history":[{"count":0,"href":"https:\/\/ihntogether.org\/es\/wp-json\/wp\/v2\/pages\/89\/revisions"}],"up":[{"embeddable":true,"href":"https:\/\/ihntogether.org\/es\/wp-json\/wp\/v2\/pages\/10"}],"wp:attachment":[{"href":"https:\/\/ihntogether.org\/es\/wp-json\/wp\/v2\/media?parent=89"}],"curies":[{"name":"Gracias","href":"https:\/\/api.w.org\/{rel}","templated":true}]}}