{"id":95,"date":"2023-11-15T16:33:51","date_gmt":"2023-11-16T00:33:51","guid":{"rendered":"https:\/\/samhealth.org\/ihn\/?page_id=95"},"modified":"2024-11-14T10:34:21","modified_gmt":"2024-11-14T18:34:21","slug":"servicios-no-cubiertos","status":"publish","type":"page","link":"https:\/\/ihntogether.org\/es\/your-benefits\/non-covered-services\/","title":{"rendered":"Servicios no cubiertos"},"content":{"rendered":"<section id=\"block_b9915fa483de39b8c95eb6bbb03cfc38\" class=\"shs-block block-section grid-container has-gray-warm-background-color\" >\n\t\t<div class=\"entry-content\">\n\n<h1 class=\"wp-block-heading\" id=\"h-non-covered-services\">Servicios no cubiertos<\/h1>\n\n<\/div>\n\t<\/section>\n\n\n\n<section id=\"block_1164fbc86efd51de5b61928e26380211\" class=\"shs-block block-section grid-container has-white-background-color\" >\n\t\t<div class=\"entry-content\">\n\n<h2 class=\"wp-block-heading\">Vea lo que no est\u00e1 cubierto<\/h2>\n\n\n\n<p>No todos los servicios est\u00e1n cubiertos por OHP o IHN-CCO. Tratamos de cubrir los servicios m\u00e1s importantes para tratar problemas m\u00e9dicos y dentales comunes y mantenerlo saludable.&nbsp;<\/p>\n\n\n\n<p>Algunos de los servicios de atenci\u00f3n m\u00e9dica que no cubre OHP incluyen:<\/p>\n\n\n\n<h4 class=\"wp-block-heading\"><strong>Servicios m\u00e9dicos<\/strong><\/h4>\n\n\n\n<ul class=\"wp-block-list\">\n<li>Cirug\u00edas o tratamientos est\u00e9ticos que s\u00f3lo mejoran la apariencia, no la funci\u00f3n.<\/li>\n\n\n\n<li>Servicios para ayudarle a quedar embarazada.<\/li>\n\n\n\n<li>Tratamiento para afecciones que mejoran por s\u00ed solas sin necesidad de acudir al m\u00e9dico (como los resfriados).<\/li>\n\n\n\n<li>Tratamiento para afecciones que pueden tratarse en casa (como callos, durezas y algunas afecciones de la piel).<\/li>\n\n\n\n<li>Tratamientos que no est\u00e1n aprobados por la Federal Drug Administration (FDA) o que no se ha demostrado que funcionen.<\/li>\n<\/ul>\n\n\n\n<h4 class=\"wp-block-heading\"><strong>Servicios dentales<\/strong><\/h4>\n\n\n\n<ul class=\"wp-block-list\">\n<li>Desensibilizaci\u00f3n (para reducir la sensibilidad de las ra\u00edces).<\/li>\n\n\n\n<li>Servicios de implantes y implantes.<\/li>\n\n\n\n<li>Procedimiento de mastique o carilla.<\/li>\n\n\n\n<li>Ortodoncia (excepto cuando sea tratamiento para paladar hendido o labio hendido).<\/li>\n\n\n\n<li>Eliminaci\u00f3n de voladizos.<\/li>\n\n\n\n<li>Procedimientos, aparatos o restauraciones \u00fanicamente con fines est\u00e9ticos y cosm\u00e9ticos.<\/li>\n\n\n\n<li>Tratamiento de la disfunci\u00f3n de la articulaci\u00f3n temporomandibular (ATM).<\/li>\n\n\n\n<li>Blanqueamiento dental.<\/li>\n<\/ul>\n\n\n\n<p>Si tiene alguna pregunta sobre servicios no cubiertos, comun\u00edquese con su m\u00e9dico asignado&nbsp;<a href=\"https:\/\/ihntogether.org\/es\/sus-beneficios\/dental\/\">plan dental<\/a>.<\/p>\n\n<\/div>\n\t<\/section>\n\n\n\n<section id=\"block_b9915fa483de39b8c95eb6bbb03cfc38\" class=\"shs-block block-section grid-container has-gray-warm-background-color\" >\n\t\t<div class=\"entry-content\">\n\n<h2 class=\"wp-block-heading\">Pago de servicios no cubiertos<\/h2>\n\n\n\n<p>Puede optar por recibir servicios y tratamientos m\u00e9dicos, dentales o de salud mental que no est\u00e9n cubiertos. El consultorio del proveedor debe informarle por adelantado si un servicio o tratamiento no est\u00e1 cubierto. Le informar\u00e1n cu\u00e1nto cuesta. Debe firmar un formulario de Acuerdo de pago para indicar que pagar\u00e1 la factura del servicio o tratamiento que no est\u00e9 cubierto.<\/p>\n\n\n\n<p>Informe inmediatamente al consultorio del proveedor y a su asistente social si tiene otro seguro, como Medicare o un seguro privado.<\/p>\n\n\n\n<p>Traiga la tarjeta de identificaci\u00f3n de su otro seguro a cada cita con su proveedor. Su proveedor debe facturar a cualquier otro seguro antes de poder facturarnos sus servicios. Solo le pagaremos al proveedor despu\u00e9s de que el otro seguro haya pagado, excepto en algunos casos especiales. Solo pagaremos los servicios m\u00e9dicos, dentales y de salud mental cubiertos por Oregon Health Plan.<\/p>\n\n<\/div>\n\t<\/section>","protected":false},"excerpt":{"rendered":"<p>Obtenga m\u00e1s informaci\u00f3n sobre los servicios no cubiertos para los miembros de IHN-CCO.<\/p>","protected":false},"author":18,"featured_media":0,"parent":10,"menu_order":7,"comment_status":"closed","ping_status":"closed","template":"","meta":{"_acf_changed":false,"_searchwp_excluded":"","_shs_workflow_notes":"","_shs_exclude_from_navigation":false,"_shs_promote_article_on_blogs":"","footnotes":""},"class_list":["post-95","page","type-page","status-publish","hentry"],"acf":[],"_links":{"self":[{"href":"https:\/\/ihntogether.org\/es\/wp-json\/wp\/v2\/pages\/95","targetHints":{"allow":["GET"]}}],"collection":[{"href":"https:\/\/ihntogether.org\/es\/wp-json\/wp\/v2\/pages"}],"about":[{"href":"https:\/\/ihntogether.org\/es\/wp-json\/wp\/v2\/types\/page"}],"author":[{"embeddable":true,"href":"https:\/\/ihntogether.org\/es\/wp-json\/wp\/v2\/users\/18"}],"replies":[{"embeddable":true,"href":"https:\/\/ihntogether.org\/es\/wp-json\/wp\/v2\/comments?post=95"}],"version-history":[{"count":0,"href":"https:\/\/ihntogether.org\/es\/wp-json\/wp\/v2\/pages\/95\/revisions"}],"up":[{"embeddable":true,"href":"https:\/\/ihntogether.org\/es\/wp-json\/wp\/v2\/pages\/10"}],"wp:attachment":[{"href":"https:\/\/ihntogether.org\/es\/wp-json\/wp\/v2\/media?parent=95"}],"curies":[{"name":"Gracias","href":"https:\/\/api.w.org\/{rel}","templated":true}]}}