{"id":97,"date":"2023-11-16T08:20:45","date_gmt":"2023-11-16T16:20:45","guid":{"rendered":"https:\/\/samhealth.org\/ihn\/?page_id=97"},"modified":"2024-11-14T14:24:56","modified_gmt":"2024-11-14T22:24:56","slug":"evaluacion-de-riesgos-para-la-salud","status":"publish","type":"page","link":"https:\/\/ihntogether.org\/es\/your-benefits\/health-risk-assessment\/","title":{"rendered":"Evaluaci\u00f3n de riesgos para la salud"},"content":{"rendered":"<section id=\"block_9fd2b0743ebe2ff53ae36721539b03b3\" class=\"shs-block block-section grid-container has-white-background-color\" >\n\t\t<div class=\"entry-content\">\n\n<h1 class=\"wp-block-heading\" id=\"h-health-risk-assessment\">Evaluaci\u00f3n de riesgos para la salud<\/h1>\n\n<\/div>\n\t<\/section>\n\n\n\n<section id=\"block_be2c08534579e9648b2d3603fa509c06\" class=\"shs-block block-section grid-container has-gray-warm-background-color\" >\n\t\t<div class=\"entry-content\">\n\n<h4 class=\"wp-block-heading\">No podemos ofrecer la encuesta de evaluaci\u00f3n de riesgos de salud en l\u00ednea en este momento. Si tiene preguntas sobre la encuesta o sobre c\u00f3mo completarla, llame a los especialistas al&nbsp;<a href=\"tel:541-768-1542\">541-768-1542<\/a>, De lunes a viernes de 8 a m a 5 p m para ayuda.<\/h4>\n\n<\/div>\n\t<\/section>","protected":false},"excerpt":{"rendered":"<p>Realice su evaluaci\u00f3n de riesgos de salud.<\/p>","protected":false},"author":18,"featured_media":0,"parent":10,"menu_order":8,"comment_status":"closed","ping_status":"closed","template":"","meta":{"_acf_changed":false,"_searchwp_excluded":"","_shs_workflow_notes":"","_shs_exclude_from_navigation":false,"_shs_promote_article_on_blogs":"","footnotes":""},"class_list":["post-97","page","type-page","status-publish","hentry"],"acf":[],"_links":{"self":[{"href":"https:\/\/ihntogether.org\/es\/wp-json\/wp\/v2\/pages\/97","targetHints":{"allow":["GET"]}}],"collection":[{"href":"https:\/\/ihntogether.org\/es\/wp-json\/wp\/v2\/pages"}],"about":[{"href":"https:\/\/ihntogether.org\/es\/wp-json\/wp\/v2\/types\/page"}],"author":[{"embeddable":true,"href":"https:\/\/ihntogether.org\/es\/wp-json\/wp\/v2\/users\/18"}],"replies":[{"embeddable":true,"href":"https:\/\/ihntogether.org\/es\/wp-json\/wp\/v2\/comments?post=97"}],"version-history":[{"count":0,"href":"https:\/\/ihntogether.org\/es\/wp-json\/wp\/v2\/pages\/97\/revisions"}],"up":[{"embeddable":true,"href":"https:\/\/ihntogether.org\/es\/wp-json\/wp\/v2\/pages\/10"}],"wp:attachment":[{"href":"https:\/\/ihntogether.org\/es\/wp-json\/wp\/v2\/media?parent=97"}],"curies":[{"name":"Gracias","href":"https:\/\/api.w.org\/{rel}","templated":true}]}}